{"id":3,"date":"2025-02-14T09:44:10","date_gmt":"2025-02-14T08:44:10","guid":{"rendered":"https:\/\/mampomysl.org\/staging\/?page_id=3"},"modified":"2025-08-11T12:08:15","modified_gmt":"2025-08-11T10:08:15","slug":"polityka-cookies","status":"publish","type":"page","link":"https:\/\/mampomysl.org\/staging\/polityka-cookies\/","title":{"rendered":"Polityka plik\u00f3w cookies"},"content":{"rendered":"\n<h1 class=\"wp-block-heading has-xx-large-font-size\">Polityka plik\u00f3w cookie<\/h1>\n\n\n\n<h2 class=\"wp-block-heading has-overused-grotesk-font-family has-medium-font-size\">I. DEFINICJE.<\/h2>\n\n\n\n<ol class=\"wp-block-list\">\n<li><strong>Administrator Danych Osobowych<\/strong> &#8211; Fundacja Mam Pomys\u0142 z siedzib\u0105 w \u015awidnicy pod adresem: Pogodna 3, 58-100 \u015awidnica, wpisana do rejestru stowarzysze\u0144, innych organizacji spo\u0142ecznych i zawodowych, fundacji oraz SPZOZ Krajowego Rejestru S\u0105dowego prowadzonego przez S\u0105d Rejonowy dla Wroc\u0142awia &#8211; Fabrycznej, IX Wydzia\u0142 Gospodarczy Krajowego Rejestru S\u0105dowego, pod numerem KRS: 0000577643, NIP: 8822122443, REGON: 362598050, adres e-mail <a href=\"mailto:kontakt@mampomysl.org\">kontakt@mampomysl.org<\/a><\/li>\n\n\n\n<li><strong>Cookies <\/strong>\u2013 dane informatyczne, niewielkie pliki tekstowe, zapisywane przez strony internetowe, kt\u00f3re odwiedzasz i przechowywane na Urz\u0105dzeniach, za po\u015brednictwem kt\u00f3rych korzystasz ze Strony internetowej Administratora. Informacje zawarte w plikach Cookies s\u0105 niezb\u0119dne aby strona dzia\u0142a\u0142a prawid\u0142owo, przy czym pliki te s\u0105 zaszyfrowane, co uniemo\u017cliwia udost\u0119pnienie plik\u00f3w osobom nieupowa\u017cnionym. Informacje zebrane w plikach cookie mo\u017ce odczyta\u0107 Administrator oraz jego kontrahenci (ze wzgl\u0119d\u00f3w technicznych).<\/li>\n\n\n\n<li><strong>Urz\u0105dzenie <\/strong>\u2013 elektroniczne urz\u0105dzenie, za po\u015brednictwem kt\u00f3rego uzyskujesz dost\u0119p do strony internetowej Administratora.<\/li>\n\n\n\n<li><strong>U\u017cytkownik <\/strong>\u2013 ka\u017cda osoba odwiedzaj\u0105ca witryn\u0119 www.mampomys\u0142.org<\/li>\n\n\n\n<li><strong>Strona internetowa<\/strong> \u2013<a href=\"http:\/\/www.mampomysl.org\"> www.mampomys\u0142.org<\/a> wraz z podstronami.<\/li>\n<\/ol>\n\n\n\n<h2 class=\"wp-block-heading has-medium-font-size\">II. STOSOWANIE PLIK\u00d3W COOKIES.<\/h2>\n\n\n\n<ol class=\"wp-block-list\">\n<li>Administrator za po\u015brednictwem strony internetowej wykorzystuje pliki Cookies.<\/li>\n\n\n\n<li>Pliki Cookies s\u0105 wykorzystywane jedynie w zakresie wyra\u017conych na nie zg\u00f3d przez U\u017cytkownika.<\/li>\n\n\n\n<li>Informacje zgromadzone na podstawie plik\u00f3w Cookies wykorzystywane s\u0105 w celach w\u0142a\u015bciwej optymalizacji dzia\u0142ania strony internetowej, a tak\u017ce w celach statystycznych, funkcjonalnych oraz spo\u0142eczno\u015bciowych.<\/li>\n\n\n\n<li>Pliki Cookies mog\u0105 by\u0107 r\u00f3wnie\u017c wykorzystywane w zwi\u0105zku z obs\u0142ug\u0105 newslettera \u2013 np. do zapami\u0119tywania preferencji dotycz\u0105cych tre\u015bci lub do analizy skuteczno\u015bci wiadomo\u015bci (otwarcia i klikni\u0119cia).<\/li>\n\n\n\n<li>Ponadto, w przypadku korzystania z formularza p\u0142atno\u015bci, pliki Cookies mog\u0105 by\u0107 u\u017cywane w celu zapewnienia poprawnego dzia\u0142ania i bezpiecze\u0144stwa transakcji \u2013 np. do utrzymania sesji lub identyfikacji u\u017cytkownika w ramach bramki p\u0142atniczej (Przelewy24).<\/li>\n\n\n\n<li>Pliki Cookies rejestruj\u0105 aktywno\u015b\u0107 U\u017cytkownika strony internetowej rozpoznaj\u0105c Urz\u0105dzenie, dzi\u0119ki czemu strona internetowa wy\u015bwietlana jest w spos\u00f3b zoptymalizowany do indywidualnych preferencji U\u017cytkownika.<\/li>\n\n\n\n<li>Stosowane na stronie internetowej rozwi\u0105zania s\u0105 bezpieczne dla Urz\u0105dze\u0144 U\u017cytkownik\u00f3w korzystaj\u0105cych ze strony internetowej Administratora. Nie jest mo\u017cliwe przedostanie si\u0119 do Urz\u0105dze\u0144 U\u017cytkownik\u00f3w niebezpiecznego lub z\u0142o\u015bliwego oprogramowania.<\/li>\n\n\n\n<li>Administrator wykorzystuje dwa typy plik\u00f3w Cookies:\n<ul class=\"wp-block-list\">\n<li><strong>Cookies sesyjne<\/strong>: to pliki, kt\u00f3re s\u0105 przechowywane na Urz\u0105dzeniu U\u017cytkownika i pozostaj\u0105 tam do momentu opuszczenia strony internetowej lub wy\u0142\u0105czenia przegl\u0105darki internetowej. Zapisane informacje s\u0105 w\u00f3wczas trwale usuwane z pami\u0119ci Urz\u0105dzenia. Mechanizm Cookies sesyjnych nie pozwala na pobieranie jakichkolwiek danych osobowych ani \u017cadnych informacji poufnych z Urz\u0105dzenia U\u017cytkownika,<\/li>\n\n\n\n<li><strong>Cookies sta\u0142e<\/strong>: s\u0105 przechowywane na Urz\u0105dzeniu U\u017cytkownika i pozostaj\u0105 tam do momentu ich skasowania. Pliki tego typu pozostaj\u0105 na urz\u0105dzeniu u\u017cytkownika przez czas okre\u015blony w parametrach pliku albo do momentu ich r\u0119cznego usuni\u0119cia przez u\u017cytkownika. Zako\u0144czenie sesji danej przegl\u0105darki lub wy\u0142\u0105czenie Urz\u0105dzenia nie powoduje ich usuni\u0119cia z Urz\u0105dzenia.<\/li>\n<\/ul>\n<\/li>\n\n\n\n<li>Ze wzgl\u0119du na \u017ar\u00f3d\u0142o pochodzenia danych plik\u00f3w Cookies Administrator korzysta z:\n<ul class=\"wp-block-list\">\n<li><strong>Cookies w\u0142asnych<\/strong>: pliki generowane przez witryn\u0119 oraz na niej umieszczane przez Administratora (przyk\u0142adowo: niezb\u0119dne),<\/li>\n\n\n\n<li><strong>Cookies podmiot\u00f3w zewn\u0119trznych<\/strong>: to informacje pochodz\u0105ce z zewn\u0119trznych serwer\u00f3w, np. reklamowych, dostawc\u00f3w us\u0142ug nawigacyjnych (mapy lub wyszukiwarki). Tego typu pliki pozwalaj\u0105 na ocen\u0119 skuteczno\u015bci dzia\u0142a\u0144 reklamowych i projektowanie dzia\u0142a\u0144 z tym zwi\u0105zanych, zgodnie z preferencjami u\u017cytkownika (przyk\u0142adowo: analityczne).<\/li>\n<\/ul>\n<\/li>\n\n\n\n<li>Pliki Cookies dzielimy ze wzgl\u0119du na pe\u0142nion\u0105 przez nich funkcj\u0119 na Stronie internetowej:\n<ul class=\"wp-block-list\">\n<li><strong>Cookies techniczne\/niezb\u0119dne<\/strong> \u2013 pliki niezb\u0119dne, w celu zapewnienia prawid\u0142owego dzia\u0142ania strony internetowej, w tym: zapewnienia prawid\u0142owego wy\u015bwietlania si\u0119 strony internetowej w zale\u017cno\u015bci od urz\u0105dzenia, z kt\u00f3rego korzysta u\u017cytkownik lub ustawie\u0144 tego urz\u0105dzenia; dostosowanie tre\u015bci na stronie, maj\u0105cych znaczenie techniczne dla dzia\u0142ania strony (np. j\u0119zyk strony); zapami\u0119tania czy u\u017cytkownik wyrazi\u0142 zgod\u0119 na wy\u015bwietlanie niekt\u00f3rych tre\u015bci,<\/li>\n\n\n\n<li><strong>Cookies analityczne<\/strong> \u2013 pliki s\u0142u\u017c\u0105ce mierzeniu efektywno\u015bci podejmowanych przez nas dzia\u0142a\u0144 marketingowych bez identyfikacji danych osobowych u\u017cytkownik\u00f3w oraz w celu ulepszania funkcjonowania naszej strony internetowej, w tym w celu: badania statystyk dotycz\u0105cych ruchu na stronie oraz weryfikacji \u017ar\u00f3d\u0142a ruchu (tzw. kierunki przekierowania); wykrywanie nadu\u017cy\u0107 w ruchu na stronie (np. sztuczny ruch internetowy \u2013 boty); mierzenie skuteczno\u015bci akcji prowadzonych na rzecz Administratora np. w sieci reklamowej Google, na zewn\u0119trznych stronach internetowych,<\/li>\n\n\n\n<li><strong>Cookies funkcjonalne<\/strong> \u2013 pliki s\u0142u\u017c\u0105ce zapami\u0119tywaniu ustawie\u0144 u\u017cytkownik\u00f3w na stronach internetowych (kolor t\u0142a, j\u0119zyk, koszyk zakupowy). Dzi\u0119ki temu u\u017cytkownicy po pierwszym wej\u015bciu na dan\u0105 stron\u0119 oraz dostosowaniu jej do swoich preferencji, ponownie odwiedzaj\u0105c dan\u0105 stron\u0119 nie musz\u0105 dokonywa\u0107 ponownie tych samych ustawie\u0144. Ten typ plik\u00f3w najcz\u0119\u015bciej jest rodzajem sta\u0142ych Cookies,<\/li>\n\n\n\n<li><strong>Cookies marketingowe\/reklamowe <\/strong>\u2013 pliki s\u0142u\u017c\u0105ce \u015bledzeniu zainteresowa\u0144 oraz preferencji U\u017cytkownika w celu dostosowywania adresowanych reklam. Pliki te s\u0105 instalowane na urz\u0105dzeniu ko\u0144cowym U\u017cytkownika. Adresowane reklamy mog\u0105 by\u0107 wy\u015bwietlane na innych stronach przegl\u0105darki poprzez stosowanie remarketingu. Nieudzielenie zgody na te pliki Cookies nie niesie za sob\u0105 \u017cadnych negatywnych efekt\u00f3w w korzystaniu ze Strony internetowej,<\/li>\n\n\n\n<li><strong>Cookies spo\u0142eczno\u015bciowe <\/strong>\u2013 pliki Cookies instalowane poprzez umieszczanie odno\u015bnik\u00f3w do konkretnych medi\u00f3w spo\u0142eczno\u015bciowych. Celem instalowania niniejszych plik\u00f3w jest umo\u017cliwienie U\u017cytkownikom \u0142\u0105czenia si\u0119 ze swoimi profilami zarejestrowanymi mediach spo\u0142eczno\u015bciowych.<\/li>\n<\/ul>\n<\/li>\n\n\n\n<li>W ka\u017cdej chwili u\u017cytkownik mo\u017ce usun\u0105\u0107 pliki Cookies z przegl\u0105darki.<\/li>\n<\/ol>\n\n\n\n<h2 class=\"wp-block-heading has-medium-font-size\">III. SPOSOBY OKRE\u015aLENIA WARUNK\u00d3W PRZECHOWYWANIA LUB UZYSKIWANIA DOST\u0118P\u00d3W DO COOKIES.<\/h2>\n\n\n\n<ol class=\"wp-block-list\">\n<li class=\"has-small-font-size\">U\u017cytkownik ma mo\u017cliwo\u015b\u0107 ograniczenia lub wy\u0142\u0105czenia dost\u0119pu plik\u00f3w Cookies do swojego Urz\u0105dzenia. W przypadku skorzystania z tej opcji korzystanie ze strony internetowej Administratora b\u0119dzie mo\u017cliwe, poza funkcjami, kt\u00f3re ze swojej natury wymagaj\u0105 plik\u00f3w Cookies.<\/li>\n\n\n\n<li>U\u017cytkownik mo\u017ce samodzielnie i w ka\u017cdym czasie zmieni\u0107 ustawienia dotycz\u0105ce plik\u00f3w Cookies, okre\u015blaj\u0105c warunki ich przechowywania i uzyskiwania dost\u0119pu przez pliki Cookies do Urz\u0105dzenia U\u017cytkownika.&nbsp;<\/li>\n\n\n\n<li>Zmiany ustawie\u0144, o kt\u00f3rych mowa powy\u017cej, U\u017cytkownik mo\u017ce dokona\u0107 za pomoc\u0105 ustawie\u0144 przegl\u0105darki internetowej lub za pomoc\u0105 konfiguracji us\u0142ugi. Ustawienia te mog\u0105 zosta\u0107 zmienione w szczeg\u00f3lno\u015bci w taki spos\u00f3b, aby blokowa\u0107 automatyczn\u0105 obs\u0142ug\u0119 plik\u00f3w Cookies w ustawieniach przegl\u0105darki internetowej b\u0105d\u017a informowa\u0107 o ich ka\u017cdorazowym zamieszczeniu na Urz\u0105dzeniu. Szczeg\u00f3\u0142owe informacje o mo\u017cliwo\u015bci i sposobach obs\u0142ugi plik\u00f3w Cookies dost\u0119pne s\u0105 w ustawieniach oprogramowania (przegl\u0105darki internetowej). Poni\u017cej znajduj\u0105 si\u0119 odno\u015bniki do informacji dotycz\u0105cych usuwania plik\u00f3w Cookies w kilku najpopularniejszych przegl\u0105darkach internetowych:\n<ul class=\"wp-block-list\">\n<li><a href=\"https:\/\/support.google.com\/accounts\/answer\/61416?hl=pl&amp;co=GENIE.Platform%3DDesktop\">Google Chrome<\/a>;<\/li>\n\n\n\n<li><a href=\"https:\/\/support.mozilla.org\/pl\/kb\/usuwanie-ciasteczek-i-danych-stron-firefox\">Mozilla Firefox<\/a>;<\/li>\n\n\n\n<li><a href=\"https:\/\/support.microsoft.com\/pl-pl\/microsoft-edge\/usuwanie-plik%C3%B3w-cookie-w-przegl%C4%85darce-microsoft-edge-63947406-40ac-c3b8-57b9-2a946a29ae09\">Microsoft Edge<\/a><\/li>\n<\/ul>\n<\/li>\n\n\n\n<li>U\u017cytkownik mo\u017ce w ka\u017cdej chwili usun\u0105\u0107 pliki Cookies korzystaj\u0105c z dost\u0119pnych funkcji w przegl\u0105darce internetowej, kt\u00f3rej u\u017cywa.&nbsp;<\/li>\n\n\n\n<li>Ograniczenie stosowania plik\u00f3w Cookies mo\u017ce wp\u0142yn\u0105\u0107 na niekt\u00f3re funkcjonalno\u015bci dost\u0119pne na stronie internetowej Administratora.<\/li>\n<\/ol>\n\n\n\n<h2 class=\"wp-block-heading has-medium-font-size\">IV. INFORMACJA O WYKORZYSTYWANYCH TECHNOLOGIACH OD DOSTAWC\u00d3W<\/h2>\n\n\n\n<figure class=\"wp-block-table is-style-stripes\"><table class=\"has-fixed-layout\" style=\"border-style:none;border-width:0px\"><thead><tr><th><strong>Narz\u0119dzie<\/strong><\/th><th><strong>Spos\u00f3b dzia\u0142ania<\/strong><\/th><th><strong>\u0179r\u00f3d\u0142o pochodzenia narz\u0119dzia<\/strong><\/th><th><strong>Pliki Cookies po\u0142\u0105czone z narz\u0119dziem<\/strong><\/th><\/tr><\/thead><tbody><tr><td><strong>Google Analytics&nbsp;<\/strong><\/td><td>Narz\u0119dzie s\u0142u\u017c\u0105ce zbierania danych analitycznych o ruchach u\u017cytkownik\u00f3w.<\/td><td>Google Ireland Limited<br>https:\/\/analytics.google.com\/<\/td><td>_ga; _gid\u2026..<\/td><\/tr><tr><td><strong><em>Przelewy 24?<\/em><\/strong><\/td><td>Obs\u0142uga p\u0142atno\u015bci online i zabezpiecze\u0144 transakcji<\/td><td>PayPro S.A.<br>(Przelewy24.pl)<\/td><td><strong><em>do uzupe\u0142nienia<\/em><\/strong><\/td><\/tr><\/tbody><\/table><\/figure>\n\n\n\n<h2 class=\"wp-block-heading has-medium-font-size\">V.&nbsp; SZCZEG\u00d3\u0141OWE INFORMACJE O PLIKACH COOKIES&nbsp;<\/h2>\n\n\n\n<figure class=\"wp-block-table is-style-stripes\"><table class=\"has-base-background-color has-background has-fixed-layout\" style=\"border-style:none;border-width:0px\"><thead><tr><th>Nazwa cookie<\/th><th>Spos\u00f3b dzia\u0142ania<\/th><th>\u0179r\u00f3d\u0142o pochodzenia pliku<\/th><th>Rodzaj i czas wykorzystania<\/th><\/tr><\/thead><tbody><tr><td><strong>_ga&nbsp;<\/strong><\/td><td>Plik odpowiedzialny za funkcjonowanie narz\u0119dzia Google Analytics<\/td><td>Zewn\u0119trzny<br>https:\/\/analytics.google.com\/<\/td><td>Analityczny<br>czas wykorzystywania: 2 lata<\/td><\/tr><\/tbody><\/table><\/figure>\n\n\n\n<h2 class=\"wp-block-heading has-medium-font-size\">VI. AKTUALIZACJA POLITYKI<\/h2>\n\n\n\n<p class=\"wp-block-paragraph\">Niniejsza Polityka obowi\u0105zuje od dnia 15.07.2025 r. W przypadku aktualizacji tre\u015bci dokumentu wersja obowi\u0105zuj\u0105ca b\u0119dzie ka\u017cdorazowo dost\u0119pna w aktualnym brzmieniu pod adresem <a href=\"http:\/\/www.mampomysl.org\/polityka-cookies\" data-type=\"link\" data-id=\"www.mampomysl.org\/polityka-cookies\">www.mampomysl.org\/polityka-cookies<\/a>.<\/p>\n","protected":false},"excerpt":{"rendered":"<p>Polityka plik\u00f3w cookie I. DEFINICJE. II. STOSOWANIE PLIK\u00d3W COOKIES. III. SPOSOBY OKRE\u015aLENIA WARUNK\u00d3W PRZECHOWYWANIA LUB UZYSKIWANIA DOST\u0118P\u00d3W DO COOKIES. IV. INFORMACJA O WYKORZYSTYWANYCH TECHNOLOGIACH OD DOSTAWC\u00d3W Narz\u0119dzie Spos\u00f3b dzia\u0142ania \u0179r\u00f3d\u0142o pochodzenia narz\u0119dzia Pliki Cookies po\u0142\u0105czone z narz\u0119dziem Google Analytics&nbsp; Narz\u0119dzie s\u0142u\u017c\u0105ce zbierania danych analitycznych o ruchach u\u017cytkownik\u00f3w. Google Ireland Limitedhttps:\/\/analytics.google.com\/ _ga; _gid\u2026.. Przelewy 24? Obs\u0142uga [&hellip;]<\/p>\n","protected":false},"author":1,"featured_media":0,"parent":0,"menu_order":0,"comment_status":"closed","ping_status":"open","template":"","meta":{"_crdt_document":"","inline_featured_image":false,"footnotes":""},"class_list":["post-3","page","type-page","status-publish","hentry"],"yoast_head":"<!-- This site is optimized with the Yoast SEO plugin v27.4 - https:\/\/yoast.com\/product\/yoast-seo-wordpress\/ -->\n<title>Polityka plik\u00f3w cookies - Fundacja Mam Pomys\u0142<\/title>\n<meta name=\"description\" content=\"Informacje o plikach cookie u\u017cywanych na stronie Fundacji Mam Pomys\u0142: rodzaje cookies, lista plik\u00f3w oraz spos\u00f3b zarz\u0105dzania zgodami.\" \/>\n<meta name=\"robots\" content=\"noindex, follow, max-snippet:-1, max-image-preview:large, max-video-preview:-1\" \/>\n<meta property=\"og:locale\" content=\"pl_PL\" \/>\n<meta property=\"og:type\" content=\"article\" \/>\n<meta property=\"og:title\" content=\"Polityka cookies \u2014 Fundacja Mam Pomys\u0142\" \/>\n<meta property=\"og:description\" content=\"Informacje o plikach cookie u\u017cywanych na stronie Fundacji Mam Pomys\u0142: rodzaje cookies, lista plik\u00f3w oraz spos\u00f3b zarz\u0105dzania zgodami.\" \/>\n<meta property=\"og:url\" content=\"https:\/\/mampomysl.org\/staging\/polityka-cookies\/\" \/>\n<meta property=\"og:site_name\" content=\"Fundacja Mam Pomys\u0142\" \/>\n<meta property=\"article:publisher\" content=\"https:\/\/www.facebook.com\/FundacjaMamPomysl\" \/>\n<meta property=\"article:modified_time\" content=\"2025-08-11T10:08:15+00:00\" \/>\n<meta name=\"twitter:card\" content=\"summary_large_image\" \/>\n<meta name=\"twitter:label1\" content=\"Szacowany czas czytania\" \/>\n\t<meta name=\"twitter:data1\" content=\"5 minut\" \/>\n<script type=\"application\/ld+json\" class=\"yoast-schema-graph\">{\"@context\":\"https:\\\/\\\/schema.org\",\"@graph\":[{\"@type\":\"WebPage\",\"@id\":\"https:\\\/\\\/mampomysl.org\\\/staging\\\/polityka-cookies\\\/\",\"url\":\"https:\\\/\\\/mampomysl.org\\\/staging\\\/polityka-cookies\\\/\",\"name\":\"Polityka plik\u00f3w cookies - Fundacja Mam Pomys\u0142\",\"isPartOf\":{\"@id\":\"https:\\\/\\\/mampomysl.org\\\/staging\\\/#website\"},\"datePublished\":\"2025-02-14T08:44:10+00:00\",\"dateModified\":\"2025-08-11T10:08:15+00:00\",\"description\":\"Informacje o plikach cookie u\u017cywanych na stronie Fundacji Mam Pomys\u0142: rodzaje cookies, lista plik\u00f3w oraz spos\u00f3b zarz\u0105dzania zgodami.\",\"breadcrumb\":{\"@id\":\"https:\\\/\\\/mampomysl.org\\\/staging\\\/polityka-cookies\\\/#breadcrumb\"},\"inLanguage\":\"pl-PL\",\"potentialAction\":[{\"@type\":\"ReadAction\",\"target\":[\"https:\\\/\\\/mampomysl.org\\\/staging\\\/polityka-cookies\\\/\"]}]},{\"@type\":\"BreadcrumbList\",\"@id\":\"https:\\\/\\\/mampomysl.org\\\/staging\\\/polityka-cookies\\\/#breadcrumb\",\"itemListElement\":[{\"@type\":\"ListItem\",\"position\":1,\"name\":\"Strona g\u0142\u00f3wna\",\"item\":\"https:\\\/\\\/mampomysl.org\\\/staging\\\/\"},{\"@type\":\"ListItem\",\"position\":2,\"name\":\"Polityka plik\u00f3w cookies\"}]},{\"@type\":\"WebSite\",\"@id\":\"https:\\\/\\\/mampomysl.org\\\/staging\\\/#website\",\"url\":\"https:\\\/\\\/mampomysl.org\\\/staging\\\/\",\"name\":\"Fundacja Mam Pomys\u0142\",\"description\":\"W trosce o zwierz\u0119ta, z szacunkiem dla ludzi.\",\"publisher\":{\"@id\":\"https:\\\/\\\/mampomysl.org\\\/staging\\\/#organization\"},\"potentialAction\":[{\"@type\":\"SearchAction\",\"target\":{\"@type\":\"EntryPoint\",\"urlTemplate\":\"https:\\\/\\\/mampomysl.org\\\/staging\\\/?s={search_term_string}\"},\"query-input\":{\"@type\":\"PropertyValueSpecification\",\"valueRequired\":true,\"valueName\":\"search_term_string\"}}],\"inLanguage\":\"pl-PL\"},{\"@type\":\"Organization\",\"@id\":\"https:\\\/\\\/mampomysl.org\\\/staging\\\/#organization\",\"name\":\"Fundacja Mam Pomys\u0142\",\"url\":\"https:\\\/\\\/mampomysl.org\\\/staging\\\/\",\"logo\":{\"@type\":\"ImageObject\",\"inLanguage\":\"pl-PL\",\"@id\":\"https:\\\/\\\/mampomysl.org\\\/staging\\\/#\\\/schema\\\/logo\\\/image\\\/\",\"url\":\"https:\\\/\\\/mampomysl.org\\\/staging\\\/wp-content\\\/uploads\\\/2025\\\/07\\\/image-7.png\",\"contentUrl\":\"https:\\\/\\\/mampomysl.org\\\/staging\\\/wp-content\\\/uploads\\\/2025\\\/07\\\/image-7.png\",\"width\":173,\"height\":118,\"caption\":\"Fundacja Mam Pomys\u0142\"},\"image\":{\"@id\":\"https:\\\/\\\/mampomysl.org\\\/staging\\\/#\\\/schema\\\/logo\\\/image\\\/\"},\"sameAs\":[\"https:\\\/\\\/www.facebook.com\\\/FundacjaMamPomysl\",\"https:\\\/\\\/www.instagram.com\\\/f_mampomysl\"]}]}<\/script>\n<!-- \/ Yoast SEO plugin. -->","yoast_head_json":{"title":"Polityka plik\u00f3w cookies - Fundacja Mam Pomys\u0142","description":"Informacje o plikach cookie u\u017cywanych na stronie Fundacji Mam Pomys\u0142: rodzaje cookies, lista plik\u00f3w oraz spos\u00f3b zarz\u0105dzania zgodami.","robots":{"index":"noindex","follow":"follow","max-snippet":"max-snippet:-1","max-image-preview":"max-image-preview:large","max-video-preview":"max-video-preview:-1"},"og_locale":"pl_PL","og_type":"article","og_title":"Polityka cookies \u2014 Fundacja Mam Pomys\u0142","og_description":"Informacje o plikach cookie u\u017cywanych na stronie Fundacji Mam Pomys\u0142: rodzaje cookies, lista plik\u00f3w oraz spos\u00f3b zarz\u0105dzania zgodami.","og_url":"https:\/\/mampomysl.org\/staging\/polityka-cookies\/","og_site_name":"Fundacja Mam Pomys\u0142","article_publisher":"https:\/\/www.facebook.com\/FundacjaMamPomysl","article_modified_time":"2025-08-11T10:08:15+00:00","twitter_card":"summary_large_image","twitter_misc":{"Szacowany czas czytania":"5 minut"},"schema":{"@context":"https:\/\/schema.org","@graph":[{"@type":"WebPage","@id":"https:\/\/mampomysl.org\/staging\/polityka-cookies\/","url":"https:\/\/mampomysl.org\/staging\/polityka-cookies\/","name":"Polityka plik\u00f3w cookies - Fundacja Mam Pomys\u0142","isPartOf":{"@id":"https:\/\/mampomysl.org\/staging\/#website"},"datePublished":"2025-02-14T08:44:10+00:00","dateModified":"2025-08-11T10:08:15+00:00","description":"Informacje o plikach cookie u\u017cywanych na stronie Fundacji Mam Pomys\u0142: rodzaje cookies, lista plik\u00f3w oraz spos\u00f3b zarz\u0105dzania zgodami.","breadcrumb":{"@id":"https:\/\/mampomysl.org\/staging\/polityka-cookies\/#breadcrumb"},"inLanguage":"pl-PL","potentialAction":[{"@type":"ReadAction","target":["https:\/\/mampomysl.org\/staging\/polityka-cookies\/"]}]},{"@type":"BreadcrumbList","@id":"https:\/\/mampomysl.org\/staging\/polityka-cookies\/#breadcrumb","itemListElement":[{"@type":"ListItem","position":1,"name":"Strona g\u0142\u00f3wna","item":"https:\/\/mampomysl.org\/staging\/"},{"@type":"ListItem","position":2,"name":"Polityka plik\u00f3w cookies"}]},{"@type":"WebSite","@id":"https:\/\/mampomysl.org\/staging\/#website","url":"https:\/\/mampomysl.org\/staging\/","name":"Fundacja Mam Pomys\u0142","description":"W trosce o zwierz\u0119ta, z szacunkiem dla ludzi.","publisher":{"@id":"https:\/\/mampomysl.org\/staging\/#organization"},"potentialAction":[{"@type":"SearchAction","target":{"@type":"EntryPoint","urlTemplate":"https:\/\/mampomysl.org\/staging\/?s={search_term_string}"},"query-input":{"@type":"PropertyValueSpecification","valueRequired":true,"valueName":"search_term_string"}}],"inLanguage":"pl-PL"},{"@type":"Organization","@id":"https:\/\/mampomysl.org\/staging\/#organization","name":"Fundacja Mam Pomys\u0142","url":"https:\/\/mampomysl.org\/staging\/","logo":{"@type":"ImageObject","inLanguage":"pl-PL","@id":"https:\/\/mampomysl.org\/staging\/#\/schema\/logo\/image\/","url":"https:\/\/mampomysl.org\/staging\/wp-content\/uploads\/2025\/07\/image-7.png","contentUrl":"https:\/\/mampomysl.org\/staging\/wp-content\/uploads\/2025\/07\/image-7.png","width":173,"height":118,"caption":"Fundacja Mam Pomys\u0142"},"image":{"@id":"https:\/\/mampomysl.org\/staging\/#\/schema\/logo\/image\/"},"sameAs":["https:\/\/www.facebook.com\/FundacjaMamPomysl","https:\/\/www.instagram.com\/f_mampomysl"]}]}},"_links":{"self":[{"href":"https:\/\/mampomysl.org\/staging\/wp-json\/wp\/v2\/pages\/3","targetHints":{"allow":["GET"]}}],"collection":[{"href":"https:\/\/mampomysl.org\/staging\/wp-json\/wp\/v2\/pages"}],"about":[{"href":"https:\/\/mampomysl.org\/staging\/wp-json\/wp\/v2\/types\/page"}],"author":[{"embeddable":true,"href":"https:\/\/mampomysl.org\/staging\/wp-json\/wp\/v2\/users\/1"}],"replies":[{"embeddable":true,"href":"https:\/\/mampomysl.org\/staging\/wp-json\/wp\/v2\/comments?post=3"}],"version-history":[{"count":0,"href":"https:\/\/mampomysl.org\/staging\/wp-json\/wp\/v2\/pages\/3\/revisions"}],"wp:attachment":[{"href":"https:\/\/mampomysl.org\/staging\/wp-json\/wp\/v2\/media?parent=3"}],"curies":[{"name":"wp","href":"https:\/\/api.w.org\/{rel}","templated":true}]}}