{"id":1889,"date":"2025-08-01T12:15:48","date_gmt":"2025-08-01T10:15:48","guid":{"rendered":"https:\/\/mampomysl.org\/staging\/?page_id=1889"},"modified":"2025-08-11T12:12:25","modified_gmt":"2025-08-11T10:12:25","slug":"polityka-prywatnosci","status":"publish","type":"page","link":"https:\/\/mampomysl.org\/staging\/polityka-prywatnosci\/","title":{"rendered":"Polityka prywatno\u015bci"},"content":{"rendered":"\n<h1 class=\"wp-block-heading has-xx-large-font-size\">Polityka Prywatno\u015bci<\/h1>\n\n\n\n<ol style=\"padding-top:0px;font-size:clamp(14px, 0.875rem + ((1vw - 3.2px) * 0.244), 16px);\" class=\"wp-block-list\">\n<li>&nbsp;Administratorem Danych Osobowych Serwisu internetowego dost\u0119pnego pod adresem: www.mampomys\u0142.org, zwanego dalej <strong>Serwisem internetowym<\/strong>, jest Fundacja Mam Pomys\u0142 z siedzib\u0105 w \u015awidnicy pod adresem: Pogodna 3, 58-100 \u015awidnica, wpisana do rejestru stowarzysze\u0144, innych organizacji spo\u0142ecznych i zawodowych, fundacji oraz SPZOZ Krajowego Rejestru S\u0105dowego prowadzonego przez S\u0105d Rejonowy dla Wroc\u0142awia &#8211; Fabrycznej, IX Wydzia\u0142 Gospodarczy Krajowego Rejestru S\u0105dowego, pod numerem KRS: 0000577643, NIP: 8822122443, REGON: 362598050, zwanym dalej <strong>Administratorem Danych Osobowych.&nbsp;<\/strong><\/li>\n\n\n\n<li>&nbsp;Wszelkie zapytania, wnioski, skargi dotycz\u0105ce przetwarzania danych osobowych przez Administratora Danych Osobowych, zwane dalej <strong>Zg\u0142oszeniami<\/strong>, nale\u017cy kierowa\u0107 na nast\u0119puj\u0105cy adres e-mail: <a href=\"mailto:kontakt@mampomysl.org\">kontakt@mampomysl.org<\/a> lub w formie pisemnej na adres ul. Pogodna 3, 58-100 \u015awidnica. W tre\u015bci zg\u0142oszenia nale\u017cy w spos\u00f3b wyra\u017any wskaza\u0107:\n<ul class=\"wp-block-list\">\n<li>dane osoby lub os\u00f3b, kt\u00f3rych dotyczy Zg\u0142oszenie,<\/li>\n\n\n\n<li>zdarzenie, kt\u00f3re jest powodem Zg\u0142oszenia,<\/li>\n\n\n\n<li>przedstawi\u0107 swoje \u017c\u0105dania oraz podstaw\u0119 prawn\u0105 tych \u017c\u0105da\u0144,<\/li>\n\n\n\n<li>wskaza\u0107 oczekiwany spos\u00f3b za\u0142atwienia sprawy.<\/li>\n<\/ul>\n<\/li>\n\n\n\n<li>&nbsp;W naszym Serwisie internetowym zbieramy nast\u0119puj\u0105ce dane osobowe:\n<ul class=\"wp-block-list\">\n<li><strong>Imi\u0119&nbsp; i nazwisko <\/strong>\u2013 mog\u0105 by\u0107 przetwarzane, gdy jako u\u017cytkownik naszego Serwisu internetowego przeka\u017cesz nam je za po\u015brednictwem poczty elektronicznej, przy kontakcie telefonicznym, za po\u015brednictwem formularza kontaktowego dost\u0119pnego w naszym Serwisie internetowym lub drog\u0105 tradycyjn\u0105<\/li>\n\n\n\n<li><strong>numer telefonu<\/strong> \u2013 mo\u017ce by\u0107 przetwarzany w przypadku kontaktu telefonicznego, a tak\u017ce wtedy gdy przeka\u017cesz nam go za po\u015brednictwem poczty elektronicznej formularza kontaktowego dost\u0119pnego w naszym Serwisie internetowym, lub poczt\u0105 tradycyjn\u0105,<\/li>\n\n\n\n<li><strong>adres e-mail<\/strong> \u2013 mo\u017ce by\u0107 przetwarzany, gdy jako u\u017cytkownik Serwisu przeka\u017ce nam go za po\u015brednictwem poczty elektronicznej, formularza kontaktowego dost\u0119pnego w naszym Serwisie internetowym, poczt\u0105 tradycyjn\u0105 jak r\u00f3wnie\u017c przy kontakcie telefonicznym,<\/li>\n\n\n\n<li><strong>adres IP urz\u0105dzenia oraz potencjalne dane osobowe zawarte w plikach Cookies<\/strong> \u2013 informacje wynikaj\u0105ce z og\u00f3lnych zasad po\u0142\u0105cze\u0144 realizowanych w Internecie, takie jak adres IP (oraz inne informacje zawarte w logach systemowych), wykorzystywane s\u0105 w celach technicznych oraz statystycznych, w tym w szczeg\u00f3lno\u015bci do zbierania og\u00f3lnych informacji demograficznych (np. o regionie, z kt\u00f3rego nast\u0119puje po\u0142\u0105czenie). Ten typ danych jest r\u00f3wnie\u017c wykorzystywany w celach marketingowych i analitycznych, je\u017celi zostanie na to wyra\u017cona zgoda z art. 173 ust. 1 prawa telekomunikacyjnego,<\/li>\n<\/ul>\n<\/li>\n\n\n\n<li>informacje o otwarciu wiadomo\u015bci newslettera oraz klikni\u0119ciach w linki \u2013 mog\u0105 by\u0107 przetwarzane w przypadku zapisania si\u0119 do newslettera i wyra\u017cenia zgody na komunikacj\u0119 marketingow\u0105,<\/li>\n\n\n\n<li>dane transakcyjne \u2013 takie jak identyfikator transakcji, kwota darowizny, metoda p\u0142atno\u015bci \u2013 mog\u0105 by\u0107 przetwarzane w zwi\u0105zku z dokonaniem p\u0142atno\u015bci online przez formularz darowizn (Przelewy24),<\/li>\n\n\n\n<li>ewentualnie inne dane mog\u0105 by\u0107 pobierane w ramach prowadzenia okre\u015blonych spraw lub mog\u0105 by\u0107 podane u\u017cytkownik\u00f3w naszego Serwisu internetowego za po\u015brednictwem poczty elektronicznej, formularza kontaktowego dost\u0119pnego w Serwisie internetowym, poczty tradycyjnej lub przy kontakcie telefonicznym.<\/li>\n\n\n\n<li>Ka\u017cda osoba korzystaj\u0105ca z naszego Serwisu internetowego ma mo\u017cliwo\u015b\u0107 wyboru, czy i w jakim zakresie chce korzysta\u0107 z naszych us\u0142ug oraz udost\u0119pnia\u0107 informacje i dane o sobie, w zakresie okre\u015blonym tre\u015bci\u0105 niniejszej Polityki prywatno\u015bci.&nbsp;<\/li>\n\n\n\n<li>Przetwarzamy dane osobowe w celu:\n<ul class=\"wp-block-list\">\n<li>zawierania i wykonywania um\u00f3w w zwi\u0105zku z oferowanymi przez nas us\u0142ugami (art. 6 ust. 1 lit. b RODO) \u2013 <strong>&nbsp;w tym zakresie dane przestan\u0105 by\u0107 przetwarzane w momencie zrealizowania danej umowy,<\/strong><\/li>\n\n\n\n<li>wykonywania obowi\u0105zk\u00f3w prawnych ci\u0105\u017c\u0105cych na Administratorze Danych Osobowych w szczeg\u00f3lno\u015bci prowadzenia dokumentacji, wystawianie faktur, itp.&nbsp; (art. 6 ust. 1 lit. c RODO) \u2013 <strong>w tym zakresie dane osobowe zostan\u0105 usuni\u0119te po spe\u0142nieniu okre\u015blonych obowi\u0105zk\u00f3w prawnych,<\/strong><\/li>\n\n\n\n<li>bie\u017c\u0105cej komunikacji zwi\u0105zanej z funkcjonowaniem Serwisem internetowym (art. 6 ust. 1 lit. f RODO, czyli uzasadniony interes Administratora Danych Osobowych) \u2013 <strong>w tym zakresie Twoje dane osobowe przestan\u0105 by\u0107 przetwarzane w momencie odpowiedzi na dane pytanie lub pytania,<\/strong><\/li>\n\n\n\n<li>wysy\u0142ka newslettera \u2013 na podstawie wyra\u017conej przez U\u017cytkownika zgody (art. 6 ust. 1 lit. a RODO). Podanie danych jest dobrowolne, ale niezb\u0119dne do otrzymywania informacji drog\u0105 elektroniczn\u0105. U\u017cytkownik mo\u017ce w ka\u017cdej chwili wycofa\u0107 zgod\u0119 poprzez klikni\u0119cie linku rezygnacji w wiadomo\u015bci e-mail,<\/li>\n\n\n\n<li>obs\u0142uga p\u0142atno\u015bci online i darowizn \u2013 na podstawie art. 6 ust. 1 lit. b RODO (realizacja umowy lub dzia\u0142ania przedumowne). Dane osobowe (np. imi\u0119, nazwisko, e-mail, identyfikator p\u0142atno\u015bci) s\u0105 przetwarzane w celu obs\u0142ugi transakcji za po\u015brednictwem operatora p\u0142atno\u015bci (Przelewy24),<\/li>\n\n\n\n<li>ustalenia i dochodzenia roszcze\u0144 lub obrony przed tymi roszczeniami (art. 6 ust. 1 lit. f RODO, czyli uzasadniony interes Administratora Danych Osobowych) \u2013 <strong>w tym zakresie dane osobowe zostan\u0105 usuni\u0119te w momencie wyga\u015bni\u0119cia danych roszcze\u0144, jednak co do zasady po up\u0142ywie 3- letniego okresu przedawnienia roszcze\u0144.<\/strong><\/li>\n<\/ul>\n<\/li>\n\n\n\n<li>\u0179r\u00f3d\u0142em przetwarzanych przez Administratora Danych Osobowych s\u0105 osoby, kt\u00f3rych dane dotycz\u0105.<\/li>\n\n\n\n<li>Pa\u0144stwa dane osobowe nie s\u0105 przekazywane do pa\u0144stwa trzeciego ani organizacji mi\u0119dzynarodowej w rozumieniu przepis\u00f3w RODO. W przypadku gdyby dane osobowe by\u0142y przekazywane do pa\u0144stwa trzeciego lub organizacji mi\u0119dzynarodowej, zostan\u0105 Pa\u0144stwo o tym uprzednio poinformowani, a Administrator b\u0119dzie stosowa\u0107 niezb\u0119dne zabezpieczenia, o kt\u00f3rych mowa w rozdziale V RODO.<\/li>\n\n\n\n<li>\u017badnych danych osobowych nie udost\u0119pniamy podmiotom trzecim bez wyra\u017anej zgody osoby, kt\u00f3rej dane dotycz\u0105. Dane osobowe bez zgody osoby, kt\u00f3rej dane dotycz\u0105, mog\u0105 by\u0107 udost\u0119pniane wy\u0142\u0105cznie podmiotom prawa publicznego, tj. organom w\u0142adzy i administracji (np. organom podatkowym, organom \u015bcigania i innym podmiotom posiadaj\u0105cym umocowanie w powszechnie obowi\u0105zuj\u0105cych przepisach prawa).<\/li>\n\n\n\n<li>Dane osobowe mog\u0105 by\u0107 powierzane do przetwarzania podmiotom przetwarzaj\u0105cym takie dane na nasz\u0105 rzecz jako Administratora Danych Osobowych. W takiej sytuacji jako Administrator Danych Osobowych zawieramy z podmiotem przetwarzaj\u0105cym umow\u0119 powierzenia przetwarzania danych osobowych. Podmiot przetwarzaj\u0105cy przetwarza powierzone dane osobowe wy\u0142\u0105cznie na potrzeby, w zakresie i w celach wskazanych w umowie powierzenia, o kt\u00f3rej mowa w zdaniu poprzedzaj\u0105cym. Bez powierzenia danych osobowych do przetwarzania nie mogliby\u015bmy prowadzi\u0107 swojej dzia\u0142alno\u015bci&nbsp; w ramach Serwisu internetowego. Jako Administrator Danych Osobowych powierzamy dane osobowe do przetwarzania w szczeg\u00f3lno\u015bci nast\u0119puj\u0105cym podmiotom:\n<ul class=\"wp-block-list\">\n<li>\u015bwiadcz\u0105cym us\u0142ugi hostingowe na rzecz strony internetowej, na kt\u00f3rej dzia\u0142a nasz Serwis internetowy,<\/li>\n\n\n\n<li>obs\u0142uguj\u0105cym CRM,<\/li>\n\n\n\n<li>operator p\u0142atno\u015bci (Przelewy24),<\/li>\n\n\n\n<li>dostawcy system\u00f3w do wysy\u0142ki newslettera (MailerLite).<\/li>\n<\/ul>\n<\/li>\n\n\n\n<li>Dane osobowe nie podlegaj\u0105 zautomatyzowanemu podejmowaniu decyzji, w tym profilowaniu w rozumieniu art. 22 RODO. Mo\u017cemy jednak przetwarza\u0107 dane statystyczne dotycz\u0105ce korzystania z newslettera lub strony internetowej (np. otwarcia wiadomo\u015bci, klikni\u0119cia, \u017ar\u00f3d\u0142a odwiedzin), o ile U\u017cytkownik wyrazi\u0142 na to zgod\u0119.<\/li>\n\n\n\n<li>&nbsp;Zgodnie z przepisami RODO ka\u017cda osoba, kt\u00f3rej dane osobowe przetwarzamy jako Administrator Danych Osobowych,&nbsp; ma prawo do:\n<ul class=\"wp-block-list\">\n<li>dost\u0119pu do swoich danych osobowych, o kt\u00f3rym mowa w art. 15 RODO,<\/li>\n\n\n\n<li>bycia informowanym o przetwarzaniu danych osobowych, o kt\u00f3rym mowa w art. 12 RODO,<\/li>\n\n\n\n<li>poprawiania, uzupe\u0142niania, uaktualniania, sprostowania danych osobowych, o kt\u00f3rych mowa w art. 16 RODO,<\/li>\n\n\n\n<li>wycofania zgody w dowolnym momencie, o czym mowa w art. 7 ust. 3 RODO,<\/li>\n\n\n\n<li>usuni\u0119cia danych (prawo do bycia zapomnianym), o kt\u00f3rym mowa w art. 17 RODO,<\/li>\n\n\n\n<li>ograniczenia przetwarzania, o kt\u00f3rym mowa w art. 18 RODO,<\/li>\n\n\n\n<li>przenoszenia danych, o kt\u00f3rym mowa w art. 20 RODO,<\/li>\n\n\n\n<li>wniesienia sprzeciwu od przetwarzania danych osobowych, o czym mowa w art. 21 RODO,<\/li>\n\n\n\n<li>w przypadku podstawy prawnej w postaci zgody \u2013 prawo do cofni\u0119cia zgody w dowolnym momencie bez wp\u0142ywu na zgodno\u015b\u0107 z prawem przetwarzania, kt\u00f3rego dokonano na podstawie zgody przed jej cofni\u0119ciem,<\/li>\n\n\n\n<li>niepodlegania pro\ufb01lowaniu, o kt\u00f3rym mowa w art. 22 w zw. z art. 4 pkt 4 RODO,<\/li>\n\n\n\n<li>wniesienia skargi do organu nadzorczego (tj. do Prezesa Urz\u0119du Ochrony Danych Osobowych), o kt\u00f3rym mowa w art. 77 RODO.<\/li>\n<\/ul>\n<\/li>\n\n\n\n<li>Je\u017celi chcesz skorzysta\u0107 ze swoich praw, o kt\u00f3rych mowa w punkcie poprzedzaj\u0105cym, prosz\u0119 przes\u0142a\u0107 wiadomo\u015b\u0107 drog\u0105 poczty elektronicznej na adres e-mail lub w formie pisemnej na adres korespondencyjny, o kt\u00f3rych mowa w pkt 2 powy\u017cej.<\/li>\n\n\n\n<li>&nbsp;Ka\u017cdy stwierdzony przypadek naruszenia bezpiecze\u0144stwa jest dokumentowany, a w razie wyst\u0105pienia jednej z sytuacji okre\u015blonych w przepisach RODO lub Ustawy, o takim naruszeniu przepis\u00f3w o ochronie danych osobowych informowane s\u0105 osoby, kt\u00f3rych dane dotycz\u0105, oraz \u2013 je\u017celi ma to zastosowanie \u2013 PUODO.<\/li>\n\n\n\n<li>W kwestiach nieuregulowanych niniejsz\u0105 Polityk\u0105 prywatno\u015bci, odpowiednie zastosowanie maj\u0105 w\u0142a\u015bciwe przepisy prawa powszechnie obowi\u0105zuj\u0105cego. W przypadku niezgodno\u015bci postanowie\u0144 niniejszej Polityki prywatno\u015bci z powy\u017cszymi przepisami, pierwsze\u0144stwo maj\u0105 te przepisy.<\/li>\n\n\n\n<li>Niniejsza Polityka Prywatno\u015bci obowi\u0105zuje od dnia 15.07.2025 roku. Aktualna wersja dokumentu dost\u0119pna jest na stronie internetowej Administratora pod adresem <a href=\"http:\/\/mampomysl.org\/polityka-prywatnosci\" data-type=\"link\" data-id=\"mampomysl.org\/polityka-prywatnosci\">www.mampomysl.org\/polityka-prywatnosci<\/a>.<\/li>\n<\/ol>\n","protected":false},"excerpt":{"rendered":"<p>Polityka Prywatno\u015bci<\/p>\n","protected":false},"author":3,"featured_media":0,"parent":0,"menu_order":0,"comment_status":"closed","ping_status":"closed","template":"","meta":{"_crdt_document":"","inline_featured_image":false,"footnotes":""},"class_list":["post-1889","page","type-page","status-publish","hentry"],"yoast_head":"<!-- This site is optimized with the Yoast SEO plugin v27.4 - https:\/\/yoast.com\/product\/yoast-seo-wordpress\/ -->\n<title>Polityka prywatno\u015bci - Fundacja Mam Pomys\u0142<\/title>\n<meta name=\"description\" content=\"Polityka prywatno\u015bci Fundacji Mam Pomys\u0142 \u2014 dowiedz si\u0119, jakie dane zbieramy, w jakim celu i jakie masz prawa.\" \/>\n<meta name=\"robots\" content=\"noindex, follow, max-snippet:-1, max-image-preview:large, max-video-preview:-1\" \/>\n<meta property=\"og:locale\" content=\"pl_PL\" \/>\n<meta property=\"og:type\" content=\"article\" \/>\n<meta property=\"og:title\" content=\"polityka prywatno\u015bci Fundacja Mam Pomys\u0142\" \/>\n<meta property=\"og:description\" content=\"Polityka prywatno\u015bci Fundacji Mam Pomys\u0142 \u2014 dowiedz si\u0119, jakie dane zbieramy, w jakim celu i jakie masz prawa. Data aktualizacji: 08.08.2025.\" \/>\n<meta property=\"og:url\" content=\"https:\/\/mampomysl.org\/staging\/polityka-prywatnosci\/\" \/>\n<meta property=\"og:site_name\" content=\"Fundacja Mam Pomys\u0142\" \/>\n<meta property=\"article:publisher\" content=\"https:\/\/www.facebook.com\/FundacjaMamPomysl\" \/>\n<meta property=\"article:modified_time\" content=\"2025-08-11T10:12:25+00:00\" \/>\n<meta name=\"twitter:card\" content=\"summary_large_image\" \/>\n<meta name=\"twitter:label1\" content=\"Szacowany czas czytania\" \/>\n\t<meta name=\"twitter:data1\" content=\"6 minut\" \/>\n<script type=\"application\/ld+json\" class=\"yoast-schema-graph\">{\"@context\":\"https:\\\/\\\/schema.org\",\"@graph\":[{\"@type\":\"WebPage\",\"@id\":\"https:\\\/\\\/mampomysl.org\\\/staging\\\/polityka-prywatnosci\\\/\",\"url\":\"https:\\\/\\\/mampomysl.org\\\/staging\\\/polityka-prywatnosci\\\/\",\"name\":\"Polityka prywatno\u015bci - Fundacja Mam Pomys\u0142\",\"isPartOf\":{\"@id\":\"https:\\\/\\\/mampomysl.org\\\/staging\\\/#website\"},\"datePublished\":\"2025-08-01T10:15:48+00:00\",\"dateModified\":\"2025-08-11T10:12:25+00:00\",\"description\":\"Polityka prywatno\u015bci Fundacji Mam Pomys\u0142 \u2014 dowiedz si\u0119, jakie dane zbieramy, w jakim celu i jakie masz prawa.\",\"breadcrumb\":{\"@id\":\"https:\\\/\\\/mampomysl.org\\\/staging\\\/polityka-prywatnosci\\\/#breadcrumb\"},\"inLanguage\":\"pl-PL\",\"potentialAction\":[{\"@type\":\"ReadAction\",\"target\":[\"https:\\\/\\\/mampomysl.org\\\/staging\\\/polityka-prywatnosci\\\/\"]}]},{\"@type\":\"BreadcrumbList\",\"@id\":\"https:\\\/\\\/mampomysl.org\\\/staging\\\/polityka-prywatnosci\\\/#breadcrumb\",\"itemListElement\":[{\"@type\":\"ListItem\",\"position\":1,\"name\":\"Strona g\u0142\u00f3wna\",\"item\":\"https:\\\/\\\/mampomysl.org\\\/staging\\\/\"},{\"@type\":\"ListItem\",\"position\":2,\"name\":\"Polityka prywatno\u015bci\"}]},{\"@type\":\"WebSite\",\"@id\":\"https:\\\/\\\/mampomysl.org\\\/staging\\\/#website\",\"url\":\"https:\\\/\\\/mampomysl.org\\\/staging\\\/\",\"name\":\"Fundacja Mam Pomys\u0142\",\"description\":\"W trosce o zwierz\u0119ta, z szacunkiem dla ludzi.\",\"publisher\":{\"@id\":\"https:\\\/\\\/mampomysl.org\\\/staging\\\/#organization\"},\"potentialAction\":[{\"@type\":\"SearchAction\",\"target\":{\"@type\":\"EntryPoint\",\"urlTemplate\":\"https:\\\/\\\/mampomysl.org\\\/staging\\\/?s={search_term_string}\"},\"query-input\":{\"@type\":\"PropertyValueSpecification\",\"valueRequired\":true,\"valueName\":\"search_term_string\"}}],\"inLanguage\":\"pl-PL\"},{\"@type\":\"Organization\",\"@id\":\"https:\\\/\\\/mampomysl.org\\\/staging\\\/#organization\",\"name\":\"Fundacja Mam Pomys\u0142\",\"url\":\"https:\\\/\\\/mampomysl.org\\\/staging\\\/\",\"logo\":{\"@type\":\"ImageObject\",\"inLanguage\":\"pl-PL\",\"@id\":\"https:\\\/\\\/mampomysl.org\\\/staging\\\/#\\\/schema\\\/logo\\\/image\\\/\",\"url\":\"https:\\\/\\\/mampomysl.org\\\/staging\\\/wp-content\\\/uploads\\\/2025\\\/07\\\/image-7.png\",\"contentUrl\":\"https:\\\/\\\/mampomysl.org\\\/staging\\\/wp-content\\\/uploads\\\/2025\\\/07\\\/image-7.png\",\"width\":173,\"height\":118,\"caption\":\"Fundacja Mam Pomys\u0142\"},\"image\":{\"@id\":\"https:\\\/\\\/mampomysl.org\\\/staging\\\/#\\\/schema\\\/logo\\\/image\\\/\"},\"sameAs\":[\"https:\\\/\\\/www.facebook.com\\\/FundacjaMamPomysl\",\"https:\\\/\\\/www.instagram.com\\\/f_mampomysl\"]}]}<\/script>\n<!-- \/ Yoast SEO plugin. -->","yoast_head_json":{"title":"Polityka prywatno\u015bci - Fundacja Mam Pomys\u0142","description":"Polityka prywatno\u015bci Fundacji Mam Pomys\u0142 \u2014 dowiedz si\u0119, jakie dane zbieramy, w jakim celu i jakie masz prawa.","robots":{"index":"noindex","follow":"follow","max-snippet":"max-snippet:-1","max-image-preview":"max-image-preview:large","max-video-preview":"max-video-preview:-1"},"og_locale":"pl_PL","og_type":"article","og_title":"polityka prywatno\u015bci Fundacja Mam Pomys\u0142","og_description":"Polityka prywatno\u015bci Fundacji Mam Pomys\u0142 \u2014 dowiedz si\u0119, jakie dane zbieramy, w jakim celu i jakie masz prawa. Data aktualizacji: 08.08.2025.","og_url":"https:\/\/mampomysl.org\/staging\/polityka-prywatnosci\/","og_site_name":"Fundacja Mam Pomys\u0142","article_publisher":"https:\/\/www.facebook.com\/FundacjaMamPomysl","article_modified_time":"2025-08-11T10:12:25+00:00","twitter_card":"summary_large_image","twitter_misc":{"Szacowany czas czytania":"6 minut"},"schema":{"@context":"https:\/\/schema.org","@graph":[{"@type":"WebPage","@id":"https:\/\/mampomysl.org\/staging\/polityka-prywatnosci\/","url":"https:\/\/mampomysl.org\/staging\/polityka-prywatnosci\/","name":"Polityka prywatno\u015bci - Fundacja Mam Pomys\u0142","isPartOf":{"@id":"https:\/\/mampomysl.org\/staging\/#website"},"datePublished":"2025-08-01T10:15:48+00:00","dateModified":"2025-08-11T10:12:25+00:00","description":"Polityka prywatno\u015bci Fundacji Mam Pomys\u0142 \u2014 dowiedz si\u0119, jakie dane zbieramy, w jakim celu i jakie masz prawa.","breadcrumb":{"@id":"https:\/\/mampomysl.org\/staging\/polityka-prywatnosci\/#breadcrumb"},"inLanguage":"pl-PL","potentialAction":[{"@type":"ReadAction","target":["https:\/\/mampomysl.org\/staging\/polityka-prywatnosci\/"]}]},{"@type":"BreadcrumbList","@id":"https:\/\/mampomysl.org\/staging\/polityka-prywatnosci\/#breadcrumb","itemListElement":[{"@type":"ListItem","position":1,"name":"Strona g\u0142\u00f3wna","item":"https:\/\/mampomysl.org\/staging\/"},{"@type":"ListItem","position":2,"name":"Polityka prywatno\u015bci"}]},{"@type":"WebSite","@id":"https:\/\/mampomysl.org\/staging\/#website","url":"https:\/\/mampomysl.org\/staging\/","name":"Fundacja Mam Pomys\u0142","description":"W trosce o zwierz\u0119ta, z szacunkiem dla ludzi.","publisher":{"@id":"https:\/\/mampomysl.org\/staging\/#organization"},"potentialAction":[{"@type":"SearchAction","target":{"@type":"EntryPoint","urlTemplate":"https:\/\/mampomysl.org\/staging\/?s={search_term_string}"},"query-input":{"@type":"PropertyValueSpecification","valueRequired":true,"valueName":"search_term_string"}}],"inLanguage":"pl-PL"},{"@type":"Organization","@id":"https:\/\/mampomysl.org\/staging\/#organization","name":"Fundacja Mam Pomys\u0142","url":"https:\/\/mampomysl.org\/staging\/","logo":{"@type":"ImageObject","inLanguage":"pl-PL","@id":"https:\/\/mampomysl.org\/staging\/#\/schema\/logo\/image\/","url":"https:\/\/mampomysl.org\/staging\/wp-content\/uploads\/2025\/07\/image-7.png","contentUrl":"https:\/\/mampomysl.org\/staging\/wp-content\/uploads\/2025\/07\/image-7.png","width":173,"height":118,"caption":"Fundacja Mam Pomys\u0142"},"image":{"@id":"https:\/\/mampomysl.org\/staging\/#\/schema\/logo\/image\/"},"sameAs":["https:\/\/www.facebook.com\/FundacjaMamPomysl","https:\/\/www.instagram.com\/f_mampomysl"]}]}},"_links":{"self":[{"href":"https:\/\/mampomysl.org\/staging\/wp-json\/wp\/v2\/pages\/1889","targetHints":{"allow":["GET"]}}],"collection":[{"href":"https:\/\/mampomysl.org\/staging\/wp-json\/wp\/v2\/pages"}],"about":[{"href":"https:\/\/mampomysl.org\/staging\/wp-json\/wp\/v2\/types\/page"}],"author":[{"embeddable":true,"href":"https:\/\/mampomysl.org\/staging\/wp-json\/wp\/v2\/users\/3"}],"replies":[{"embeddable":true,"href":"https:\/\/mampomysl.org\/staging\/wp-json\/wp\/v2\/comments?post=1889"}],"version-history":[{"count":0,"href":"https:\/\/mampomysl.org\/staging\/wp-json\/wp\/v2\/pages\/1889\/revisions"}],"wp:attachment":[{"href":"https:\/\/mampomysl.org\/staging\/wp-json\/wp\/v2\/media?parent=1889"}],"curies":[{"name":"wp","href":"https:\/\/api.w.org\/{rel}","templated":true}]}}