{"id":1199,"date":"2025-07-29T14:32:40","date_gmt":"2025-07-29T12:32:40","guid":{"rendered":"https:\/\/mampomysl.org\/staging\/?page_id=1199"},"modified":"2025-08-25T12:06:44","modified_gmt":"2025-08-25T10:06:44","slug":"kontakt","status":"publish","type":"page","link":"https:\/\/mampomysl.org\/staging\/kontakt\/","title":{"rendered":"Kontakt"},"content":{"rendered":"\n<div class=\"wp-block-columns is-layout-flex wp-container-core-columns-is-layout-794e3cfa wp-block-columns-is-layout-flex\">\n<div class=\"wp-block-column is-layout-flow wp-container-core-column-is-layout-3414373c wp-block-column-is-layout-flow\">\n<h1 class=\"wp-block-heading has-xx-large-font-size\">Kontakt<\/h1>\n\n\n\n<div class=\"wp-block-group contact-address is-layout-flex wp-container-core-group-is-layout-07bb74fe wp-block-group-is-layout-flex\">\n<div class=\"wp-block-group is-nowrap is-layout-flex wp-container-core-group-is-layout-f7dc72f4 wp-block-group-is-layout-flex\">\n<figure class=\"wp-block-image size-thumbnail wp-container-content-69bc4bdf\" style=\"margin-top:0;margin-bottom:42px\"><img loading=\"lazy\" decoding=\"async\" width=\"24\" height=\"24\" src=\"https:\/\/mampomysl.org\/staging\/wp-content\/uploads\/2025\/08\/location_on.svg\" alt=\"Adres:\" class=\"wp-image-2620\" style=\"aspect-ratio:1;object-fit:cover\"\/><\/figure>\n\n\n\n<p class=\"wp-container-content-69bc4bdf wp-block-paragraph\">Fundacja Mam Pomys\u0142<br>ul. Pogodna 3,<br>58-100 \u015awidnica<\/p>\n<\/div>\n\n\n\n<p class=\"has-small-font-size wp-block-paragraph\" style=\"margin-right:0px;margin-left:0px;padding-right:0px;padding-left:0px\"><strong>KRS:<\/strong> 0000577643<br><strong>NIP:<\/strong> 8822122443<br><strong>REGON:<\/strong> 362598050<\/p>\n<\/div>\n\n\n\n<div class=\"wp-block-group is-vertical is-layout-flex wp-container-core-group-is-layout-19afc361 wp-block-group-is-layout-flex\"><a\n  class=\"wp-block-group group-clickable\"\n  href=\"mailto:kontakt@mampomysl.org\"\n  style=\"height: 44px; padding: 0\"\n>\n  <span class=\"icon\" aria-hidden=\"true\" style=\"display: inline-flex; margin: 0\">\n    <svg\n      xmlns=\"http:\/\/www.w3.org\/2000\/svg\"\n      width=\"24\"\n      height=\"24\"\n      viewBox=\"0 0 24 24\"\n      fill=\"CurrentColor\"\n    >\n      <mask\n        id=\"mask0_220_6217\"\n        style=\"mask-type: alpha\"\n        maskUnits=\"userSpaceOnUse\"\n        x=\"0\"\n        y=\"0\"\n        width=\"24\"\n        height=\"24\"\n      >\n        <rect width=\"24\" height=\"24\" fill=\"#D9D9D9\" \/>\n      <\/mask>\n      <g mask=\"url(#mask0_220_6217)\">\n        <path\n          d=\"M2.4 21C1.74 21 1.175 20.7674 0.705 20.3023C0.235 19.8372 0 19.2781 0 18.625V4.375C0 3.72187 0.235 3.16276 0.705 2.69766C1.175 2.23255 1.74 2 2.4 2H21.6C22.26 2 22.825 2.23255 23.295 2.69766C23.765 3.16276 24 3.72187 24 4.375V18.625C24 19.2781 23.765 19.8372 23.295 20.3023C22.825 20.7674 22.26 21 21.6 21H2.4ZM12 12.4797C12.1 12.4797 12.205 12.4648 12.315 12.4352C12.425 12.4055 12.53 12.3609 12.63 12.3016L21.12 7.04688C21.28 6.94792 21.4 6.82422 21.48 6.67578C21.56 6.52734 21.6 6.36406 21.6 6.18594C21.6 5.7901 21.43 5.49323 21.09 5.29531C20.75 5.0974 20.4 5.10729 20.04 5.325L12 10.3125L3.96 5.325C3.6 5.10729 3.25 5.10234 2.91 5.31016C2.57 5.51797 2.4 5.8099 2.4 6.18594C2.4 6.38385 2.44 6.55703 2.52 6.70547C2.6 6.85391 2.72 6.96771 2.88 7.04688L11.37 12.3016C11.47 12.3609 11.575 12.4055 11.685 12.4352C11.795 12.4648 11.9 12.4797 12 12.4797Z\"\n        \/>\n      <\/g>\n    <\/svg>\n  <\/span>\n\n  <p\n    class=\"has-contrast-color has-text-color has-link-color has-small-font-size\"\n    style=\"padding-top: 0px; padding-bottom: 0px; font-style: normal; font-weight: 600; letter-spacing: -0.4px; margin: 0\"\n  >\n    kontakt@mampomysl.org\n  <\/p>\n\n  <style>\n    .wp-block-group.group-clickable {\n      display: flex;\n      flex-wrap: nowrap;\n      align-items: center;\n      gap: 8px;\n      text-decoration: none !important;\n      -webkit-text-decoration: none !important;\n      color: inherit;\n    }\n    .wp-block-group.group-clickable * {\n      text-decoration: none !important;\n      -webkit-text-decoration: none !important;\n    }\n    .wp-block-group.group-clickable p {\n      margin: 0;\n      color: inherit;\n    }\n    .wp-block-group.group-clickable:hover,\n    .wp-block-group.group-clickable:focus {\n      color: #aa006d !important;\n    }\n    .wp-block-group.group-clickable:hover p,\n    .wp-block-group.group-clickable:focus p {\n      color: #aa006d !important;\n      font-style: italic !important;\n    }\n    .wp-block-group.group-clickable .icon svg {\n      display: block;\n    }\n    :root :where(.wp-block-group.group-clickable:is(:hover, :focus)) {\n      color: #aa006d !important;\n      text-decoration: none !important;\n    }\n    :root :where(.wp-block-group.group-clickable:is(:hover, :focus)) p {\n      color: #aa006d !important;\n      font-style: italic !important;\n      text-decoration: none !important;\n    }\n    :root :where(.wp-block-group.group-clickable) a,\n    :root :where(.wp-block-group.group-clickable) a:hover {\n      color: inherit !important;\n      text-decoration: none !important;\n    }\n  <\/style>\n<\/a>\n\n<a\n  class=\"wp-block-group group-clickable\"\n  href=\"tel:+48790241451\"\n  style=\"height: 44px; padding: 0\"\n>\n  <span class=\"icon\" aria-hidden=\"true\" style=\"display: inline-flex; margin: 0\">\n    <svg\n      xmlns=\"http:\/\/www.w3.org\/2000\/svg\"\n      width=\"24\"\n      height=\"24\"\n      viewBox=\"0 0 24 24\"\n      fill=\"currentColor\"\n    >\n      <mask\n        id=\"mask0_220_6222\"\n        style=\"mask-type: alpha\"\n        maskUnits=\"userSpaceOnUse\"\n        x=\"0\"\n        y=\"0\"\n        width=\"24\"\n        height=\"24\"\n      >\n        <rect width=\"24\" height=\"24\" fill=\"#D9D9D9\" \/>\n      <\/mask>\n      <g mask=\"url(#mask0_220_6222)\">\n        <path\n          d=\"M22.6 24C19.8222 24 17.0778 23.3944 14.3667 22.1833C11.6556 20.9722 9.18889 19.2556 6.96667 17.0333C4.74444 14.8111 3.02778 12.3444 1.81667 9.63333C0.605556 6.92222 0 4.17778 0 1.4C0 1 0.133333 0.666667 0.4 0.4C0.666667 0.133333 1 0 1.4 0H6.8C7.11111 0 7.38889 0.105556 7.63333 0.316667C7.87778 0.527778 8.02222 0.777778 8.06667 1.06667L8.93333 5.73333C8.97778 6.08889 8.96667 6.38889 8.9 6.63333C8.83333 6.87778 8.71111 7.08889 8.53333 7.26667L5.3 10.5333C5.74444 11.3556 6.27222 12.15 6.88333 12.9167C7.49444 13.6833 8.16667 14.4222 8.9 15.1333C9.58889 15.8222 10.3111 16.4611 11.0667 17.05C11.8222 17.6389 12.6222 18.1778 13.4667 18.6667L16.6 15.5333C16.8 15.3333 17.0611 15.1833 17.3833 15.0833C17.7056 14.9833 18.0222 14.9556 18.3333 15L22.9333 15.9333C23.2444 16.0222 23.5 16.1833 23.7 16.4167C23.9 16.65 24 16.9111 24 17.2V22.6C24 23 23.8667 23.3333 23.6 23.6C23.3333 23.8667 23 24 22.6 24Z\"\n        \/>\n      <\/g>\n    <\/svg>\n  <\/span>\n\n  <p\n    class=\"has-contrast-color has-text-color has-link-color has-small-font-size\"\n    style=\"padding-top: 0px; padding-bottom: 0px; font-style: normal; font-weight: 600; letter-spacing: -0.4px; margin: 0\"\n  >\n    +48 790 241 451\n  <\/p>\n\n  <style>\n    .wp-block-group.group-clickable {\n      display: flex;\n      flex-wrap: nowrap;\n      align-items: center;\n      gap: 8px;\n      text-decoration: none !important;\n      -webkit-text-decoration: none !important;\n      color: inherit;\n    }\n    .wp-block-group.group-clickable * {\n      text-decoration: none !important;\n      -webkit-text-decoration: none !important;\n    }\n    .wp-block-group.group-clickable p {\n      margin: 0;\n      color: inherit;\n    }\n    .wp-block-group.group-clickable:hover,\n    .wp-block-group.group-clickable:focus {\n      color: #aa006d !important;\n    }\n    .wp-block-group.group-clickable:hover p,\n    .wp-block-group.group-clickable:focus p {\n      color: #aa006d !important;\n      font-style: italic !important;\n    }\n    .wp-block-group.group-clickable .icon svg {\n      display: block;\n    }\n    :root :where(.wp-block-group.group-clickable:is(:hover, :focus)) {\n      color: #aa006d !important;\n      text-decoration: none !important;\n    }\n    :root :where(.wp-block-group.group-clickable:is(:hover, :focus)) p {\n      color: #aa006d !important;\n      font-style: italic !important;\n      text-decoration: none !important;\n    }\n    :root :where(.wp-block-group.group-clickable) a,\n    :root :where(.wp-block-group.group-clickable) a:hover {\n      color: inherit !important;\n      text-decoration: none !important;\n    }\n  <\/style>\n<\/a><\/div>\n<\/div>\n\n\n\n<div class=\"wp-block-column is-layout-flow wp-block-column-is-layout-flow\">\n<div style=\"height:17px\" aria-hidden=\"true\" class=\"wp-block-spacer\"><\/div>\n\n\n\n<div style=\"width: 100%\"><iframe loading=\"lazy\" title=\"Mapa dojazdu do naszej fundacji\" width=\"100%\" height=\"300\" frameborder=\"0\" scrolling=\"no\" marginheight=\"0\" marginwidth=\"0\" src=\"https:\/\/maps.google.com\/maps?width=100%25&amp;height=300&amp;hl=en&amp;q=Fundacja%20Mam%20Pomys%C5%82%20ul.%20Pogodna%203,%2058-100%20%C5%9Awidnica+(My%20Business%20Name)&amp;t=&amp;z=15&amp;ie=UTF8&amp;iwloc=B&amp;output=embed\"><a href=\"https:\/\/www.mapsdirections.info\/fr\/calculer-la-population-sur-une-carte\">calculer la population sur la carte<\/a><\/iframe><\/div>\n<\/div>\n<\/div>\n\n\n\n<h2 class=\"wp-block-heading has-x-large-font-size\">Napisz do nas<\/h2>\n\n\n\n<div class=\"wpcf7 no-js\" id=\"wpcf7-f54-o1\" lang=\"en-US\" dir=\"ltr\" data-wpcf7-id=\"54\">\n<div class=\"screen-reader-response\"><p role=\"status\" aria-live=\"polite\" aria-atomic=\"true\"><\/p> <ul><\/ul><\/div>\n<form action=\"\/staging\/wp-json\/wp\/v2\/pages\/1199#wpcf7-f54-o1\" method=\"post\" class=\"wpcf7-form init\" aria-label=\"Contact form\" novalidate=\"novalidate\" data-status=\"init\">\n<fieldset class=\"hidden-fields-container\"><input type=\"hidden\" name=\"_wpcf7\" value=\"54\" \/><input type=\"hidden\" name=\"_wpcf7_version\" value=\"6.1.5\" \/><input type=\"hidden\" name=\"_wpcf7_locale\" value=\"en_US\" \/><input type=\"hidden\" name=\"_wpcf7_unit_tag\" value=\"wpcf7-f54-o1\" \/><input type=\"hidden\" name=\"_wpcf7_container_post\" value=\"0\" \/><input type=\"hidden\" name=\"_wpcf7_posted_data_hash\" value=\"\" \/>\n<\/fieldset>\n<div class=\"name-wrapper\">\n\t<p><label for=\"your-name\"><strong>Twoje imi\u0119: *<\/strong><\/label><br \/>\n<span class=\"wpcf7-form-control-wrap\" data-name=\"your-name\"><input size=\"40\" maxlength=\"400\" class=\"wpcf7-form-control wpcf7-text wpcf7-validates-as-required\" id=\"your-name\" aria-required=\"true\" aria-invalid=\"false\" placeholder=\"Jan\" value=\"\" type=\"text\" name=\"your-name\" \/><\/span>\n\t<\/p>\n<\/div>\n<div class=\"email-wrapper\"\n<label for=\"email\">\n\t<p><strong>Tw\u00f3j mail: *<\/strong><br \/>\n<span class=\"wpcf7-form-control-wrap\" data-name=\"email\"><input size=\"40\" maxlength=\"400\" class=\"wpcf7-form-control wpcf7-email wpcf7-validates-as-required wpcf7-text wpcf7-validates-as-email\" id=\"email\" aria-required=\"true\" aria-invalid=\"false\" placeholder=\"jan.kowalski@mail.com\" value=\"\" type=\"email\" name=\"email\" \/><\/span>\n\t<\/p>\n<\/div>\n<div class=\"temat-wrapper\">\n\t<p><label for=\"temat\"><strong>Temat: *<\/strong><\/label><br \/>\n<span class=\"wpcf7-form-control-wrap\" data-name=\"temat\"><input size=\"40\" maxlength=\"400\" class=\"wpcf7-form-control wpcf7-text wpcf7-validates-as-required\" id=\"temat\" aria-required=\"true\" aria-invalid=\"false\" placeholder=\"Chc\u0119 adoptowa\u0107 kota...\" value=\"\" type=\"text\" name=\"temat\" \/><\/span>\n\t<\/p>\n<\/div>\n<div class=\"tresc-wrapper\">\n\t<p><label for=\"tresc\"><strong>Tre\u015b\u0107 wiadomo\u015bci: *<\/strong><\/label><br \/>\n<span class=\"wpcf7-form-control-wrap\" data-name=\"tresc\"><textarea cols=\"40\" rows=\"10\" maxlength=\"2000\" class=\"wpcf7-form-control wpcf7-textarea wpcf7-validates-as-required\" id=\"tresc\" aria-required=\"true\" aria-invalid=\"false\" placeholder=\"Dzie\u0144 Dobry\u2026\" name=\"tresc\"><\/textarea><\/span>\n\t<\/p>\n<\/div>\n<div class=\"acceptance-wrapper\">\n\t<p><span class=\"wpcf7-form-control-wrap\" data-name=\"acceptance-856\"><span class=\"wpcf7-form-control wpcf7-acceptance\"><span class=\"wpcf7-list-item\"><label><input type=\"checkbox\" name=\"acceptance-856\" value=\"1\" aria-invalid=\"false\" \/><span class=\"wpcf7-list-item-label\">Wyra\u017cam zgod\u0119 na przetwarzanie moich danych osobowych przez Fundacj\u0119 Mam Pomys\u0142 w celu udzielenia odpowiedzi na zapytanie przes\u0142ane przez formularz. Szczeg\u00f3\u0142y w <a href=\"https:\/\/mampomysl.org\/staging\/polityka-prywatnosci\/\">Polityce prywatno\u015bci<\/a>. *<\/span><\/label><\/span><\/span><\/span>\n\t<\/p>\n<\/div>\n<div class=\"wpcf7-turnstile cf-turnstile\" data-sitekey=\"0x4AAAAAABuf1C_okwbiZXWw\" data-response-field-name=\"_wpcf7_turnstile_response\" data-size=\"flexible\" data-language=\"pl\"><\/div>\n<p><input class=\"wpcf7-form-control wpcf7-submit has-spinner\" type=\"submit\" value=\"Wy\u015blij wiadomo\u015b\u0107\" \/>\n<\/p><input type='hidden' class='wpcf7-pum' value='{\"closepopup\":false,\"closedelay\":0,\"openpopup\":false,\"openpopup_id\":0}' \/><div class=\"wpcf7-response-output\" aria-hidden=\"true\"><\/div>\n<\/form>\n<\/div>\n\n","protected":false},"excerpt":{"rendered":"<p>Kontakt<br \/>\nFundacja Mam Pomys\u0142<br \/>\nul. Pogodna 3,<br \/>\n58-100 \u015awidnica<\/p>\n<p>KRS: 0000577643<br \/>\nNIP: 8822122443<br \/>\nREGON: 362598050<\/p>\n<p>kontakt@mampomysl.org<br \/>\n+48 790 241 451<\/p>\n","protected":false},"author":3,"featured_media":0,"parent":0,"menu_order":0,"comment_status":"closed","ping_status":"closed","template":"","meta":{"_crdt_document":"","inline_featured_image":false,"footnotes":""},"class_list":["post-1199","page","type-page","status-publish","hentry"],"yoast_head":"<!-- This site is optimized with the Yoast SEO plugin v27.4 - https:\/\/yoast.com\/product\/yoast-seo-wordpress\/ -->\n<title>Kontakt - Fundacja Mam Pomys\u0142<\/title>\n<meta name=\"description\" content=\"Kontakt z Fundacj\u0105 Mam Pomys\u0142 \u2014 adres schroniska w \u015awidnicy, telefon, e-mail i formularz kontaktowy. Napisz do nas.\" \/>\n<meta name=\"robots\" content=\"noindex, follow, max-snippet:-1, max-image-preview:large, max-video-preview:-1\" \/>\n<meta property=\"og:locale\" content=\"pl_PL\" \/>\n<meta property=\"og:type\" content=\"article\" \/>\n<meta property=\"og:title\" content=\"kontakt Fundacja Mam Pomys\u0142\" \/>\n<meta property=\"og:description\" content=\"Kontakt z Fundacj\u0105 Mam Pomys\u0142 \u2014 adres schroniska w \u015awidnicy, telefon, e-mail i formularz kontaktowy. Napisz do nas.\" \/>\n<meta property=\"og:url\" content=\"https:\/\/mampomysl.org\/staging\/kontakt\/\" \/>\n<meta property=\"og:site_name\" content=\"Fundacja Mam Pomys\u0142\" \/>\n<meta property=\"article:publisher\" content=\"https:\/\/www.facebook.com\/FundacjaMamPomysl\" \/>\n<meta property=\"article:modified_time\" content=\"2025-08-25T10:06:44+00:00\" \/>\n<meta property=\"og:image\" content=\"https:\/\/mampomysl.org\/staging\/wp-content\/uploads\/2025\/02\/WhatsApp-Image-2022-04-19-at-10.50.15-1.jpeg\" \/>\n\t<meta property=\"og:image:width\" content=\"1600\" \/>\n\t<meta property=\"og:image:height\" content=\"1200\" \/>\n\t<meta property=\"og:image:type\" content=\"image\/jpeg\" \/>\n<meta name=\"twitter:card\" content=\"summary_large_image\" \/>\n<meta name=\"twitter:label1\" content=\"Szacowany czas czytania\" \/>\n\t<meta name=\"twitter:data1\" content=\"2 minuty\" \/>\n<script type=\"application\/ld+json\" class=\"yoast-schema-graph\">{\"@context\":\"https:\\\/\\\/schema.org\",\"@graph\":[{\"@type\":\"WebPage\",\"@id\":\"https:\\\/\\\/mampomysl.org\\\/staging\\\/kontakt\\\/\",\"url\":\"https:\\\/\\\/mampomysl.org\\\/staging\\\/kontakt\\\/\",\"name\":\"Kontakt - Fundacja Mam Pomys\u0142\",\"isPartOf\":{\"@id\":\"https:\\\/\\\/mampomysl.org\\\/staging\\\/#website\"},\"primaryImageOfPage\":{\"@id\":\"https:\\\/\\\/mampomysl.org\\\/staging\\\/kontakt\\\/#primaryimage\"},\"image\":{\"@id\":\"https:\\\/\\\/mampomysl.org\\\/staging\\\/kontakt\\\/#primaryimage\"},\"thumbnailUrl\":\"https:\\\/\\\/mampomysl.org\\\/staging\\\/wp-content\\\/uploads\\\/2025\\\/08\\\/location_on.svg\",\"datePublished\":\"2025-07-29T12:32:40+00:00\",\"dateModified\":\"2025-08-25T10:06:44+00:00\",\"description\":\"Kontakt z Fundacj\u0105 Mam Pomys\u0142 \u2014 adres schroniska w \u015awidnicy, telefon, e-mail i formularz kontaktowy. Napisz do nas.\",\"breadcrumb\":{\"@id\":\"https:\\\/\\\/mampomysl.org\\\/staging\\\/kontakt\\\/#breadcrumb\"},\"inLanguage\":\"pl-PL\",\"potentialAction\":[{\"@type\":\"ReadAction\",\"target\":[\"https:\\\/\\\/mampomysl.org\\\/staging\\\/kontakt\\\/\"]}]},{\"@type\":\"ImageObject\",\"inLanguage\":\"pl-PL\",\"@id\":\"https:\\\/\\\/mampomysl.org\\\/staging\\\/kontakt\\\/#primaryimage\",\"url\":\"https:\\\/\\\/mampomysl.org\\\/staging\\\/wp-content\\\/uploads\\\/2025\\\/08\\\/location_on.svg\",\"contentUrl\":\"https:\\\/\\\/mampomysl.org\\\/staging\\\/wp-content\\\/uploads\\\/2025\\\/08\\\/location_on.svg\",\"width\":24,\"height\":24},{\"@type\":\"BreadcrumbList\",\"@id\":\"https:\\\/\\\/mampomysl.org\\\/staging\\\/kontakt\\\/#breadcrumb\",\"itemListElement\":[{\"@type\":\"ListItem\",\"position\":1,\"name\":\"Strona g\u0142\u00f3wna\",\"item\":\"https:\\\/\\\/mampomysl.org\\\/staging\\\/\"},{\"@type\":\"ListItem\",\"position\":2,\"name\":\"Kontakt\"}]},{\"@type\":\"WebSite\",\"@id\":\"https:\\\/\\\/mampomysl.org\\\/staging\\\/#website\",\"url\":\"https:\\\/\\\/mampomysl.org\\\/staging\\\/\",\"name\":\"Fundacja Mam Pomys\u0142\",\"description\":\"W trosce o zwierz\u0119ta, z szacunkiem dla ludzi.\",\"publisher\":{\"@id\":\"https:\\\/\\\/mampomysl.org\\\/staging\\\/#organization\"},\"potentialAction\":[{\"@type\":\"SearchAction\",\"target\":{\"@type\":\"EntryPoint\",\"urlTemplate\":\"https:\\\/\\\/mampomysl.org\\\/staging\\\/?s={search_term_string}\"},\"query-input\":{\"@type\":\"PropertyValueSpecification\",\"valueRequired\":true,\"valueName\":\"search_term_string\"}}],\"inLanguage\":\"pl-PL\"},{\"@type\":\"Organization\",\"@id\":\"https:\\\/\\\/mampomysl.org\\\/staging\\\/#organization\",\"name\":\"Fundacja Mam Pomys\u0142\",\"url\":\"https:\\\/\\\/mampomysl.org\\\/staging\\\/\",\"logo\":{\"@type\":\"ImageObject\",\"inLanguage\":\"pl-PL\",\"@id\":\"https:\\\/\\\/mampomysl.org\\\/staging\\\/#\\\/schema\\\/logo\\\/image\\\/\",\"url\":\"https:\\\/\\\/mampomysl.org\\\/staging\\\/wp-content\\\/uploads\\\/2025\\\/07\\\/image-7.png\",\"contentUrl\":\"https:\\\/\\\/mampomysl.org\\\/staging\\\/wp-content\\\/uploads\\\/2025\\\/07\\\/image-7.png\",\"width\":173,\"height\":118,\"caption\":\"Fundacja Mam Pomys\u0142\"},\"image\":{\"@id\":\"https:\\\/\\\/mampomysl.org\\\/staging\\\/#\\\/schema\\\/logo\\\/image\\\/\"},\"sameAs\":[\"https:\\\/\\\/www.facebook.com\\\/FundacjaMamPomysl\",\"https:\\\/\\\/www.instagram.com\\\/f_mampomysl\"]}]}<\/script>\n<!-- \/ Yoast SEO plugin. -->","yoast_head_json":{"title":"Kontakt - Fundacja Mam Pomys\u0142","description":"Kontakt z Fundacj\u0105 Mam Pomys\u0142 \u2014 adres schroniska w \u015awidnicy, telefon, e-mail i formularz kontaktowy. Napisz do nas.","robots":{"index":"noindex","follow":"follow","max-snippet":"max-snippet:-1","max-image-preview":"max-image-preview:large","max-video-preview":"max-video-preview:-1"},"og_locale":"pl_PL","og_type":"article","og_title":"kontakt Fundacja Mam Pomys\u0142","og_description":"Kontakt z Fundacj\u0105 Mam Pomys\u0142 \u2014 adres schroniska w \u015awidnicy, telefon, e-mail i formularz kontaktowy. Napisz do nas.","og_url":"https:\/\/mampomysl.org\/staging\/kontakt\/","og_site_name":"Fundacja Mam Pomys\u0142","article_publisher":"https:\/\/www.facebook.com\/FundacjaMamPomysl","article_modified_time":"2025-08-25T10:06:44+00:00","og_image":[{"width":1600,"height":1200,"url":"https:\/\/mampomysl.org\/staging\/wp-content\/uploads\/2025\/02\/WhatsApp-Image-2022-04-19-at-10.50.15-1.jpeg","type":"image\/jpeg"}],"twitter_card":"summary_large_image","twitter_misc":{"Szacowany czas czytania":"2 minuty"},"schema":{"@context":"https:\/\/schema.org","@graph":[{"@type":"WebPage","@id":"https:\/\/mampomysl.org\/staging\/kontakt\/","url":"https:\/\/mampomysl.org\/staging\/kontakt\/","name":"Kontakt - Fundacja Mam Pomys\u0142","isPartOf":{"@id":"https:\/\/mampomysl.org\/staging\/#website"},"primaryImageOfPage":{"@id":"https:\/\/mampomysl.org\/staging\/kontakt\/#primaryimage"},"image":{"@id":"https:\/\/mampomysl.org\/staging\/kontakt\/#primaryimage"},"thumbnailUrl":"https:\/\/mampomysl.org\/staging\/wp-content\/uploads\/2025\/08\/location_on.svg","datePublished":"2025-07-29T12:32:40+00:00","dateModified":"2025-08-25T10:06:44+00:00","description":"Kontakt z Fundacj\u0105 Mam Pomys\u0142 \u2014 adres schroniska w \u015awidnicy, telefon, e-mail i formularz kontaktowy. Napisz do nas.","breadcrumb":{"@id":"https:\/\/mampomysl.org\/staging\/kontakt\/#breadcrumb"},"inLanguage":"pl-PL","potentialAction":[{"@type":"ReadAction","target":["https:\/\/mampomysl.org\/staging\/kontakt\/"]}]},{"@type":"ImageObject","inLanguage":"pl-PL","@id":"https:\/\/mampomysl.org\/staging\/kontakt\/#primaryimage","url":"https:\/\/mampomysl.org\/staging\/wp-content\/uploads\/2025\/08\/location_on.svg","contentUrl":"https:\/\/mampomysl.org\/staging\/wp-content\/uploads\/2025\/08\/location_on.svg","width":24,"height":24},{"@type":"BreadcrumbList","@id":"https:\/\/mampomysl.org\/staging\/kontakt\/#breadcrumb","itemListElement":[{"@type":"ListItem","position":1,"name":"Strona g\u0142\u00f3wna","item":"https:\/\/mampomysl.org\/staging\/"},{"@type":"ListItem","position":2,"name":"Kontakt"}]},{"@type":"WebSite","@id":"https:\/\/mampomysl.org\/staging\/#website","url":"https:\/\/mampomysl.org\/staging\/","name":"Fundacja Mam Pomys\u0142","description":"W trosce o zwierz\u0119ta, z szacunkiem dla ludzi.","publisher":{"@id":"https:\/\/mampomysl.org\/staging\/#organization"},"potentialAction":[{"@type":"SearchAction","target":{"@type":"EntryPoint","urlTemplate":"https:\/\/mampomysl.org\/staging\/?s={search_term_string}"},"query-input":{"@type":"PropertyValueSpecification","valueRequired":true,"valueName":"search_term_string"}}],"inLanguage":"pl-PL"},{"@type":"Organization","@id":"https:\/\/mampomysl.org\/staging\/#organization","name":"Fundacja Mam Pomys\u0142","url":"https:\/\/mampomysl.org\/staging\/","logo":{"@type":"ImageObject","inLanguage":"pl-PL","@id":"https:\/\/mampomysl.org\/staging\/#\/schema\/logo\/image\/","url":"https:\/\/mampomysl.org\/staging\/wp-content\/uploads\/2025\/07\/image-7.png","contentUrl":"https:\/\/mampomysl.org\/staging\/wp-content\/uploads\/2025\/07\/image-7.png","width":173,"height":118,"caption":"Fundacja Mam Pomys\u0142"},"image":{"@id":"https:\/\/mampomysl.org\/staging\/#\/schema\/logo\/image\/"},"sameAs":["https:\/\/www.facebook.com\/FundacjaMamPomysl","https:\/\/www.instagram.com\/f_mampomysl"]}]}},"_links":{"self":[{"href":"https:\/\/mampomysl.org\/staging\/wp-json\/wp\/v2\/pages\/1199","targetHints":{"allow":["GET"]}}],"collection":[{"href":"https:\/\/mampomysl.org\/staging\/wp-json\/wp\/v2\/pages"}],"about":[{"href":"https:\/\/mampomysl.org\/staging\/wp-json\/wp\/v2\/types\/page"}],"author":[{"embeddable":true,"href":"https:\/\/mampomysl.org\/staging\/wp-json\/wp\/v2\/users\/3"}],"replies":[{"embeddable":true,"href":"https:\/\/mampomysl.org\/staging\/wp-json\/wp\/v2\/comments?post=1199"}],"version-history":[{"count":3,"href":"https:\/\/mampomysl.org\/staging\/wp-json\/wp\/v2\/pages\/1199\/revisions"}],"predecessor-version":[{"id":4432,"href":"https:\/\/mampomysl.org\/staging\/wp-json\/wp\/v2\/pages\/1199\/revisions\/4432"}],"wp:attachment":[{"href":"https:\/\/mampomysl.org\/staging\/wp-json\/wp\/v2\/media?parent=1199"}],"curies":[{"name":"wp","href":"https:\/\/api.w.org\/{rel}","templated":true}]}}